{"id":12,"date":"2026-02-16T21:32:27","date_gmt":"2026-02-16T20:32:27","guid":{"rendered":"http:\/\/sakura-fizjo.pl\/?page_id=12"},"modified":"2026-03-24T21:54:16","modified_gmt":"2026-03-24T20:54:16","slug":"kontakt","status":"publish","type":"page","link":"https:\/\/sakura-fizjo.pl\/?page_id=12","title":{"rendered":"Kontakt ze mn\u0105 (tak\u017ce um\u00f3wienie wizyty)"},"content":{"rendered":"\n<p>Preferuj\u0119 kontakt telefoniczny lub e-mail. Zapraszam te\u017c do kontaktu przez media spo\u0142eczno\u015bciowe. Dane mojego Ig oraz Facebooka znajdziecie poni\u017cej.<\/p>\n\n\n\n<p><\/p>\n","protected":false},"excerpt":{"rendered":"<p>Preferuj\u0119 kontakt telefoniczny lub e-mail. Zapraszam te\u017c do kontaktu przez media spo\u0142eczno\u015bciowe. Dane mojego Ig oraz Facebooka znajdziecie poni\u017cej.<\/p>\n","protected":false},"author":1,"featured_media":23,"parent":0,"menu_order":0,"comment_status":"closed","ping_status":"closed","template":"","meta":{"footnotes":""},"class_list":["post-12","page","type-page","status-publish","has-post-thumbnail","hentry"],"_links":{"self":[{"href":"https:\/\/sakura-fizjo.pl\/index.php?rest_route=\/wp\/v2\/pages\/12","targetHints":{"allow":["GET"]}}],"collection":[{"href":"https:\/\/sakura-fizjo.pl\/index.php?rest_route=\/wp\/v2\/pages"}],"about":[{"href":"https:\/\/sakura-fizjo.pl\/index.php?rest_route=\/wp\/v2\/types\/page"}],"author":[{"embeddable":true,"href":"https:\/\/sakura-fizjo.pl\/index.php?rest_route=\/wp\/v2\/users\/1"}],"replies":[{"embeddable":true,"href":"https:\/\/sakura-fizjo.pl\/index.php?rest_route=%2Fwp%2Fv2%2Fcomments&post=12"}],"version-history":[{"count":5,"href":"https:\/\/sakura-fizjo.pl\/index.php?rest_route=\/wp\/v2\/pages\/12\/revisions"}],"predecessor-version":[{"id":97,"href":"https:\/\/sakura-fizjo.pl\/index.php?rest_route=\/wp\/v2\/pages\/12\/revisions\/97"}],"wp:featuredmedia":[{"embeddable":true,"href":"https:\/\/sakura-fizjo.pl\/index.php?rest_route=\/wp\/v2\/media\/23"}],"wp:attachment":[{"href":"https:\/\/sakura-fizjo.pl\/index.php?rest_route=%2Fwp%2Fv2%2Fmedia&parent=12"}],"curies":[{"name":"wp","href":"https:\/\/api.w.org\/{rel}","templated":true}]}}