{"id":11,"date":"2026-02-16T21:32:27","date_gmt":"2026-02-16T20:32:27","guid":{"rendered":"http:\/\/sakura-fizjo.pl\/?page_id=11"},"modified":"2026-03-24T21:52:24","modified_gmt":"2026-03-24T20:52:24","slug":"informacje","status":"publish","type":"page","link":"https:\/\/sakura-fizjo.pl\/?page_id=11","title":{"rendered":"Fizjoterapia koni"},"content":{"rendered":"\n<p>Od zawsze zwierz\u0119ta odgrywa\u0142y w moim \u017cyciu bardzo wa\u017cn\u0105 rol\u0119. <\/p>\n\n\n\n<p>Najwi\u0119ksz\u0105 pasj\u0105 mojego \u017cycia s\u0105 konie. Z tej pasji zrodzi\u0142a si\u0119 mi\u0142o\u015b\u0107, kt\u00f3ra skierowa\u0142a mnie w stron\u0119 fizjoterapii koni.<br>Ka\u017cdego dnia pod\u0105\u017cam szczeg\u00f3\u0142owo zaplanowan\u0105 drog\u0105, na kt\u00f3rej zg\u0142\u0119biam wiedz\u0119, aby m\u00f3c jak najlepiej pomaga\u0107 moim pacjentom. <\/p>\n\n\n\n<p>Nie ograniczam si\u0119 do wiedzy typowo terapeutycznej.<\/p>\n\n\n\n<p>Posiadam \u015bwiadomo\u015b\u0107 codziennej pracy zar\u00f3wno konia jak i je\u017ad\u017aca. Pozwala mi to holistycznie podej\u015b\u0107 do potrzeb moich pacjent\u00f3w.<br><\/p>\n\n\n\n<p><\/p>\n","protected":false},"excerpt":{"rendered":"<p>Od zawsze zwierz\u0119ta odgrywa\u0142y w moim \u017cyciu bardzo wa\u017cn\u0105 rol\u0119. Najwi\u0119ksz\u0105 pasj\u0105 mojego \u017cycia s\u0105 konie. Z tej pasji zrodzi\u0142a si\u0119 mi\u0142o\u015b\u0107, kt\u00f3ra skierowa\u0142a mnie w stron\u0119 fizjoterapii koni.Ka\u017cdego dnia pod\u0105\u017cam szczeg\u00f3\u0142owo zaplanowan\u0105 drog\u0105, na kt\u00f3rej zg\u0142\u0119biam wiedz\u0119, aby m\u00f3c jak najlepiej pomaga\u0107 moim pacjentom. Nie ograniczam si\u0119 do wiedzy typowo terapeutycznej. Posiadam \u015bwiadomo\u015b\u0107 codziennej &hellip; <\/p>\n<p class=\"link-more\"><a href=\"https:\/\/sakura-fizjo.pl\/?page_id=11\" class=\"more-link\">Czytaj dalej<span class=\"screen-reader-text\"> \u201eFizjoterapia koni\u201d<\/span><\/a><\/p>\n","protected":false},"author":1,"featured_media":51,"parent":0,"menu_order":0,"comment_status":"closed","ping_status":"closed","template":"","meta":{"footnotes":""},"class_list":["post-11","page","type-page","status-publish","has-post-thumbnail","hentry"],"_links":{"self":[{"href":"https:\/\/sakura-fizjo.pl\/index.php?rest_route=\/wp\/v2\/pages\/11","targetHints":{"allow":["GET"]}}],"collection":[{"href":"https:\/\/sakura-fizjo.pl\/index.php?rest_route=\/wp\/v2\/pages"}],"about":[{"href":"https:\/\/sakura-fizjo.pl\/index.php?rest_route=\/wp\/v2\/types\/page"}],"author":[{"embeddable":true,"href":"https:\/\/sakura-fizjo.pl\/index.php?rest_route=\/wp\/v2\/users\/1"}],"replies":[{"embeddable":true,"href":"https:\/\/sakura-fizjo.pl\/index.php?rest_route=%2Fwp%2Fv2%2Fcomments&post=11"}],"version-history":[{"count":8,"href":"https:\/\/sakura-fizjo.pl\/index.php?rest_route=\/wp\/v2\/pages\/11\/revisions"}],"predecessor-version":[{"id":96,"href":"https:\/\/sakura-fizjo.pl\/index.php?rest_route=\/wp\/v2\/pages\/11\/revisions\/96"}],"wp:featuredmedia":[{"embeddable":true,"href":"https:\/\/sakura-fizjo.pl\/index.php?rest_route=\/wp\/v2\/media\/51"}],"wp:attachment":[{"href":"https:\/\/sakura-fizjo.pl\/index.php?rest_route=%2Fwp%2Fv2%2Fmedia&parent=11"}],"curies":[{"name":"wp","href":"https:\/\/api.w.org\/{rel}","templated":true}]}}