{"id":10,"date":"2026-02-16T21:32:27","date_gmt":"2026-02-16T20:32:27","guid":{"rendered":"http:\/\/sakura-fizjo.pl\/?page_id=10"},"modified":"2026-02-18T18:33:24","modified_gmt":"2026-02-18T17:33:24","slug":"strona-glowna","status":"publish","type":"page","link":"https:\/\/sakura-fizjo.pl\/","title":{"rendered":"O mnie"},"content":{"rendered":"\n<p>Nazywam si\u0119 Kasia Cecerko. Uko\u0144czy\u0142am Zoofizjoterapi\u0119 koni w Studium Zoofizjoterapii Zwierz\u0105t.<\/p>\n\n\n\n<p><\/p>\n","protected":false},"excerpt":{"rendered":"<p>Nazywam si\u0119 Kasia Cecerko. Uko\u0144czy\u0142am Zoofizjoterapi\u0119 koni w Studium Zoofizjoterapii Zwierz\u0105t.<\/p>\n","protected":false},"author":1,"featured_media":44,"parent":0,"menu_order":0,"comment_status":"closed","ping_status":"closed","template":"","meta":{"footnotes":""},"class_list":["post-10","page","type-page","status-publish","has-post-thumbnail","hentry"],"_links":{"self":[{"href":"https:\/\/sakura-fizjo.pl\/index.php?rest_route=\/wp\/v2\/pages\/10","targetHints":{"allow":["GET"]}}],"collection":[{"href":"https:\/\/sakura-fizjo.pl\/index.php?rest_route=\/wp\/v2\/pages"}],"about":[{"href":"https:\/\/sakura-fizjo.pl\/index.php?rest_route=\/wp\/v2\/types\/page"}],"author":[{"embeddable":true,"href":"https:\/\/sakura-fizjo.pl\/index.php?rest_route=\/wp\/v2\/users\/1"}],"replies":[{"embeddable":true,"href":"https:\/\/sakura-fizjo.pl\/index.php?rest_route=%2Fwp%2Fv2%2Fcomments&post=10"}],"version-history":[{"count":7,"href":"https:\/\/sakura-fizjo.pl\/index.php?rest_route=\/wp\/v2\/pages\/10\/revisions"}],"predecessor-version":[{"id":79,"href":"https:\/\/sakura-fizjo.pl\/index.php?rest_route=\/wp\/v2\/pages\/10\/revisions\/79"}],"wp:featuredmedia":[{"embeddable":true,"href":"https:\/\/sakura-fizjo.pl\/index.php?rest_route=\/wp\/v2\/media\/44"}],"wp:attachment":[{"href":"https:\/\/sakura-fizjo.pl\/index.php?rest_route=%2Fwp%2Fv2%2Fmedia&parent=10"}],"curies":[{"name":"wp","href":"https:\/\/api.w.org\/{rel}","templated":true}]}}